{"id":1242,"date":"2021-11-19T15:53:54","date_gmt":"2021-11-19T15:53:54","guid":{"rendered":"https:\/\/www.allegra.life\/bio\/"},"modified":"2021-11-25T14:23:07","modified_gmt":"2021-11-25T14:23:07","slug":"bio","status":"publish","type":"page","link":"https:\/\/www.allegra.life\/it\/bio\/","title":{"rendered":"Bio"},"content":{"rendered":"\t\t<div data-elementor-type=\"wp-page\" data-elementor-id=\"1242\" class=\"elementor elementor-1242 elementor-29\" data-elementor-settings=\"[]\">\n\t\t\t\t\t\t\t<div class=\"elementor-section-wrap\">\n\t\t\t\t\t\t\t<section class=\"elementor-section elementor-top-section elementor-element elementor-element-8ba03c3 elementor-section-height-min-height elementor-section-content-middle elementor-section-stretched elementor-section-boxed elementor-section-height-default elementor-section-items-middle\" data-id=\"8ba03c3\" data-element_type=\"section\" data-settings=\"{&quot;stretch_section&quot;:&quot;section-stretched&quot;}\">\n\t\t\t\t\t\t<div class=\"elementor-container elementor-column-gap-no\">\n\t\t\t\t\t<div class=\"elementor-column elementor-col-100 elementor-top-column elementor-element elementor-element-6d22693\" data-id=\"6d22693\" data-element_type=\"column\">\n\t\t\t<div class=\"elementor-widget-wrap elementor-element-populated\">\n\t\t\t\t\t\t\t\t<div class=\"elementor-element elementor-element-7b1df0b elementor-absolute elementor-widget elementor-widget-heading\" data-id=\"7b1df0b\" data-element_type=\"widget\" data-settings=\"{&quot;_position&quot;:&quot;absolute&quot;}\" data-widget_type=\"heading.default\">\n\t\t\t\t<div class=\"elementor-widget-container\">\n\t\t\t<h2 class=\"elementor-heading-title elementor-size-default\">bIO<\/h2>\t\t<\/div>\n\t\t\t\t<\/div>\n\t\t\t\t\t<\/div>\n\t\t<\/div>\n\t\t\t\t\t\t\t<\/div>\n\t\t<\/section>\n\t\t\t\t<section class=\"elementor-section elementor-top-section elementor-element elementor-element-fd88912 elementor-section-stretched elementor-section-boxed elementor-section-height-default elementor-section-height-default\" data-id=\"fd88912\" data-element_type=\"section\" data-settings=\"{&quot;stretch_section&quot;:&quot;section-stretched&quot;,&quot;background_background&quot;:&quot;gradient&quot;,&quot;shape_divider_top&quot;:&quot;mountains&quot;}\">\n\t\t\t\t\t<div class=\"elementor-shape elementor-shape-top\" data-negative=\"false\">\n\t\t\t<svg xmlns=\"http:\/\/www.w3.org\/2000\/svg\" viewBox=\"0 0 1000 100\" preserveAspectRatio=\"none\">\n\t<path class=\"elementor-shape-fill\" opacity=\"0.33\" d=\"M473,67.3c-203.9,88.3-263.1-34-320.3,0C66,119.1,0,59.7,0,59.7V0h1000v59.7 c0,0-62.1,26.1-94.9,29.3c-32.8,3.3-62.8-12.3-75.8-22.1C806,49.6,745.3,8.7,694.9,4.7S492.4,59,473,67.3z\"\/>\n\t<path class=\"elementor-shape-fill\" opacity=\"0.66\" d=\"M734,67.3c-45.5,0-77.2-23.2-129.1-39.1c-28.6-8.7-150.3-10.1-254,39.1 s-91.7-34.4-149.2,0C115.7,118.3,0,39.8,0,39.8V0h1000v36.5c0,0-28.2-18.5-92.1-18.5C810.2,18.1,775.7,67.3,734,67.3z\"\/>\n\t<path class=\"elementor-shape-fill\" d=\"M766.1,28.9c-200-57.5-266,65.5-395.1,19.5C242,1.8,242,5.4,184.8,20.6C128,35.8,132.3,44.9,89.9,52.5C28.6,63.7,0,0,0,0 h1000c0,0-9.9,40.9-83.6,48.1S829.6,47,766.1,28.9z\"\/>\n<\/svg>\t\t<\/div>\n\t\t\t\t\t<div class=\"elementor-container elementor-column-gap-default\">\n\t\t\t\t\t<div class=\"elementor-column elementor-col-100 elementor-top-column elementor-element elementor-element-ee798ff\" data-id=\"ee798ff\" data-element_type=\"column\">\n\t\t\t<div class=\"elementor-widget-wrap elementor-element-populated\">\n\t\t\t\t\t\t\t\t<section class=\"elementor-section elementor-inner-section elementor-element elementor-element-4562b07 elementor-section-boxed elementor-section-height-default elementor-section-height-default\" data-id=\"4562b07\" data-element_type=\"section\">\n\t\t\t\t\t\t<div class=\"elementor-container elementor-column-gap-default\">\n\t\t\t\t\t<div class=\"elementor-column elementor-col-50 elementor-inner-column elementor-element elementor-element-95f7932\" data-id=\"95f7932\" data-element_type=\"column\">\n\t\t\t<div class=\"elementor-widget-wrap\">\n\t\t\t\t\t\t\t\t\t<\/div>\n\t\t<\/div>\n\t\t\t\t<div class=\"elementor-column elementor-col-50 elementor-inner-column elementor-element elementor-element-0818e63\" data-id=\"0818e63\" data-element_type=\"column\">\n\t\t\t<div class=\"elementor-widget-wrap elementor-element-populated\">\n\t\t\t\t\t\t\t\t<div class=\"elementor-element elementor-element-dcf7592 elementor-absolute elementor-invisible elementor-widget elementor-widget-image\" data-id=\"dcf7592\" data-element_type=\"widget\" data-settings=\"{&quot;_animation&quot;:&quot;fadeInRight&quot;,&quot;_position&quot;:&quot;absolute&quot;}\" data-widget_type=\"image.default\">\n\t\t\t\t<div class=\"elementor-widget-container\">\n\t\t\t\t\t\t\t\t\t\t\t\t\t\t\t<img width=\"415\" height=\"600\" src=\"https:\/\/www.allegra.life\/wp-content\/uploads\/2021\/11\/circulo-doble-1-600.png\" class=\"attachment-medium size-medium\" alt=\"\" loading=\"lazy\" \/>\t\t\t\t\t\t\t\t\t\t\t\t\t\t\t<\/div>\n\t\t\t\t<\/div>\n\t\t\t\t\t<\/div>\n\t\t<\/div>\n\t\t\t\t\t\t\t<\/div>\n\t\t<\/section>\n\t\t\t\t<div class=\"elementor-element elementor-element-e84783b elementor-widget elementor-widget-spacer\" data-id=\"e84783b\" data-element_type=\"widget\" data-widget_type=\"spacer.default\">\n\t\t\t\t<div class=\"elementor-widget-container\">\n\t\t\t\t\t<div class=\"elementor-spacer\">\n\t\t\t<div class=\"elementor-spacer-inner\"><\/div>\n\t\t<\/div>\n\t\t\t\t<\/div>\n\t\t\t\t<\/div>\n\t\t\t\t<div class=\"elementor-element elementor-element-5eb3bf51 elementor-widget elementor-widget-text-editor\" data-id=\"5eb3bf51\" data-element_type=\"widget\" data-widget_type=\"text-editor.default\">\n\t\t\t\t<div class=\"elementor-widget-container\">\n\t\t\t\t\t\t\t<p>Allegra \u00e8 il mio primo nome, consacrato nell\u2019Acqua benedetta e nel timore che tirassi il neonato gambino, dato che mi rifiutavo d\u2019immergermi nell\u2019Aria di questo mondo. Sono sopravvissuta alla mia nascita e a quel punto \u00e8 iniziata la mia storia biografica come Carola (Traverso), mentre io iniziavo a dimenticare da dove vengo e chi sono\u2026<\/p>\n<p>Sono cresciuta, ho studiato, ho lavorato \u2013 durante quasi tre decenni come giornalista, di varie testate principalmente italiane e nel frattempo alle Nazioni Unite, come responsabile della comunicazione dell\u2019organizzazione scientifica che ha allertato il mondo sulla febbre della Terra e poi a un certo punto sono anche finita in ospedale e ho iniziato a occuparmi di salute, di medicina integrata, di \u201cfine vita\u201d, prendendomi sempre pi\u00f9 cura della dimensione esistenziale-spirituale di me e di altri esseri umani.<\/p>\n<p>&nbsp;<\/p>\n<p>E cos\u00ec sono maturata e ho iniziato a invecchiare, fiorire e soprattutto ricordare la sacralit\u00e0 della vita. Quando le sono presente, quando vivo, sono decisamente pi\u00f9 Allegra! \u00c8 cresciuta anche la voglia di riprendermi il nome scelto per me quando la mia bellissima mamma mi ha dato alla Luce.<\/p>\n<p>Adesso mi sono appena dilettata in questo piccolo gioco della bIO con la b minuscola, a rappresentare che queste sono le vicissitudini di \u201cio piccola\u201d (\u201cio inferiore\/io superiore\u201d mi sa di residuo bellico\u2026), e proprio ora mi rendo conto che la A iniziale del mio nome \u201cnuovo\u201d mi permette di usarlo per simbolizzare \u201cio grande\u201d, quella che viene dalle stelle \u2026 Un vezzo, sapendo bene che la A di Io grande \u00e8 la A universale di Amore.<\/p>\n<p>&nbsp;<\/p>\n<p>Ps so che questo gioco di parole verr\u00e0 spazzato via dall\u2019onda di una traduzione in un qualsiasi altro idioma in cui la parola amore non inizia con la A. E allora? Perdo tempo a far castelli di sabbia? Non credo, perch\u00e9 quel granello di sabbia, quando sar\u00e0 dall\u2019altra parte dell\u2019oceano o diventato vetro o pietra o\u2026 sapr\u00e0 che una volta \u00e8 stato anche un bellissimo castello costruito da una piccola umana allegra, che da qualche altra parte magari si chiamava Diletta o Felicita o Gaia\u2026<\/p>\n<p>Crec\u00ed, estudie\u0301, trabaje\u0301, durante casi tres d\u00e9cadas como periodista, para varios peri\u00f3dicos principalmente italianos y, mientras tanto, en las Naciones Unidas, como jefe de comunicaci\u00f3n de la organizaci\u00f3n cient\u00edfica que alerto\u0301 al mundo sobre la fiebre de la Tierra y luego hasta cierto punto tambi\u00e9n termine\u0301 en el hospital y comenc\u00e9\u0301 a atender la salud, la medicina integrada, el &#8220;fin de la vida&#8221;, cuidando cada vez m\u00e1s la dimensi\u00f3n existencial-espiritual de mi\u0301 y de los dem\u00e1s seres humanos.<\/p>\n<p>Y as\u00ed\u0301 madure\u0301 y comenc\u00e9\u0301 a envejecer, a florecer y, sobre todo, a recordar lo sagrado de la vida. Cuando estoy presente para ella, cuando vivo, \u00a1definitivamente soy m\u00e1s alegre! Tambi\u00e9n ha crecido el deseo de recuperar el nombre que me eligieron cuando mi hermosa madre me dio a luz.<\/p>\n<p>Ahora acabo de incursionar en este peque\u00f1o bYO-juego con una b min\u00fascula, para representar que estas son las vicisitudes del &#8220;yo peque\u00f1o&#8221; (las definiciones de\u00a0\u2018yo inferior\u2019\u00a0y\u00a0\u2018yo superior\u2019\u00a0me parecen un poco residuos de guerra&#8230;) &#8230;), y ahora me doy cuenta que la inicial A de mi &#8220;nuevo&#8221; nombre me permite usarla para simbolizar el &#8220;yo grande&#8221;, el que viene de las estrellas &#8230; Una gracia, sabiendo bien que la A del yo grande es la A universal del Amor.<\/p>\n<p>P.D. Se\u0301 que este juego de palabras ser\u00e1\u0301 barrido por la ola de una traducci\u00f3n a cualquier otro idioma en el que la palabra amor no comience con A. \u00bfY que\u0301? \u00bfPierdo el tiempo construyendo castillos de arena? No lo creo, porque ese grano de arena, cuando esta\u0301 al otro lado del oc\u00e9ano, o se ha convertido en vidrio o piedra o &#8230; sabr\u00e1\u0301 que una vez tambi\u00e9n fue un hermoso castillo construido por un peque\u00f1o y alegre humano&#8230;\u00a0que se llamaba Allegra y podr\u00eda haber sido llamado en otro lugar Leticia o Felicita o Gaia &#8230;<\/p>\n<p><\/p>\n\t\t\t\t\t\t<\/div>\n\t\t\t\t<\/div>\n\t\t\t\t\t<\/div>\n\t\t<\/div>\n\t\t\t\t\t\t\t<\/div>\n\t\t<\/section>\n\t\t\t\t\t\t<\/div>\n\t\t\t\t\t<\/div>\n\t\t","protected":false},"excerpt":{"rendered":"<p>bIO Allegra \u00e8 il mio primo nome, consacrato nell\u2019Acqua benedetta e nel timore che tirassi il neonato gambino, dato che mi rifiutavo d\u2019immergermi nell\u2019Aria di questo mondo. Sono sopravvissuta alla mia nascita e a quel punto \u00e8 iniziata la mia storia biografica come Carola (Traverso), mentre io iniziavo a dimenticare da dove vengo e chi &hellip;<\/p>\n<p class=\"read-more\"> <a class=\"\" href=\"https:\/\/www.allegra.life\/it\/bio\/\"> <span class=\"screen-reader-text\">Bio<\/span> Leggi altro &raquo;<\/a><\/p>\n","protected":false},"author":1,"featured_media":0,"parent":0,"menu_order":0,"comment_status":"closed","ping_status":"closed","template":"","meta":[],"_links":{"self":[{"href":"https:\/\/www.allegra.life\/it\/wp-json\/wp\/v2\/pages\/1242"}],"collection":[{"href":"https:\/\/www.allegra.life\/it\/wp-json\/wp\/v2\/pages"}],"about":[{"href":"https:\/\/www.allegra.life\/it\/wp-json\/wp\/v2\/types\/page"}],"author":[{"embeddable":true,"href":"https:\/\/www.allegra.life\/it\/wp-json\/wp\/v2\/users\/1"}],"replies":[{"embeddable":true,"href":"https:\/\/www.allegra.life\/it\/wp-json\/wp\/v2\/comments?post=1242"}],"version-history":[{"count":10,"href":"https:\/\/www.allegra.life\/it\/wp-json\/wp\/v2\/pages\/1242\/revisions"}],"predecessor-version":[{"id":1547,"href":"https:\/\/www.allegra.life\/it\/wp-json\/wp\/v2\/pages\/1242\/revisions\/1547"}],"wp:attachment":[{"href":"https:\/\/www.allegra.life\/it\/wp-json\/wp\/v2\/media?parent=1242"}],"curies":[{"name":"wp","href":"https:\/\/api.w.org\/{rel}","templated":true}]}}