{"id":1250,"date":"2021-11-19T16:22:08","date_gmt":"2021-11-19T16:22:08","guid":{"rendered":"https:\/\/www.allegra.life\/cometa-di-parole\/parolaia-magica-e-ambulante\/"},"modified":"2021-11-20T10:00:12","modified_gmt":"2021-11-20T10:00:12","slug":"parolaia-magica-e-ambulante","status":"publish","type":"page","link":"https:\/\/www.allegra.life\/it\/cometa-di-parole\/parolaia-magica-e-ambulante\/","title":{"rendered":"Parolaia magica e ambulante"},"content":{"rendered":"\t\t<div data-elementor-type=\"wp-page\" data-elementor-id=\"1250\" class=\"elementor elementor-1250 elementor-733\" data-elementor-settings=\"[]\">\n\t\t\t\t\t\t\t<div class=\"elementor-section-wrap\">\n\t\t\t\t\t\t\t<section class=\"elementor-section elementor-top-section elementor-element elementor-element-e1dc61d elementor-section-height-min-height elementor-section-boxed elementor-section-height-default elementor-section-items-middle\" data-id=\"e1dc61d\" data-element_type=\"section\">\n\t\t\t\t\t\t<div class=\"elementor-container elementor-column-gap-default\">\n\t\t\t\t\t<div class=\"elementor-column elementor-col-100 elementor-top-column elementor-element elementor-element-05d3343\" data-id=\"05d3343\" data-element_type=\"column\">\n\t\t\t<div class=\"elementor-widget-wrap elementor-element-populated\">\n\t\t\t\t\t\t\t\t<div class=\"elementor-element elementor-element-2e088ad elementor-widget elementor-widget-heading\" data-id=\"2e088ad\" data-element_type=\"widget\" data-widget_type=\"heading.default\">\n\t\t\t\t<div class=\"elementor-widget-container\">\n\t\t\t<h2 class=\"elementor-heading-title elementor-size-default\">Parolaia magica (e ambulante!)<\/h2>\t\t<\/div>\n\t\t\t\t<\/div>\n\t\t\t\t\t<\/div>\n\t\t<\/div>\n\t\t\t\t\t\t\t<\/div>\n\t\t<\/section>\n\t\t\t\t<section class=\"elementor-section elementor-top-section elementor-element elementor-element-c542467 elementor-section-height-full elementor-section-items-top elementor-section-boxed elementor-section-height-default\" data-id=\"c542467\" data-element_type=\"section\" data-settings=\"{&quot;background_background&quot;:&quot;classic&quot;,&quot;shape_divider_top&quot;:&quot;mountains&quot;}\">\n\t\t\t\t\t<div class=\"elementor-shape elementor-shape-top\" data-negative=\"false\">\n\t\t\t<svg xmlns=\"http:\/\/www.w3.org\/2000\/svg\" viewBox=\"0 0 1000 100\" preserveAspectRatio=\"none\">\n\t<path class=\"elementor-shape-fill\" opacity=\"0.33\" d=\"M473,67.3c-203.9,88.3-263.1-34-320.3,0C66,119.1,0,59.7,0,59.7V0h1000v59.7 c0,0-62.1,26.1-94.9,29.3c-32.8,3.3-62.8-12.3-75.8-22.1C806,49.6,745.3,8.7,694.9,4.7S492.4,59,473,67.3z\"\/>\n\t<path class=\"elementor-shape-fill\" opacity=\"0.66\" d=\"M734,67.3c-45.5,0-77.2-23.2-129.1-39.1c-28.6-8.7-150.3-10.1-254,39.1 s-91.7-34.4-149.2,0C115.7,118.3,0,39.8,0,39.8V0h1000v36.5c0,0-28.2-18.5-92.1-18.5C810.2,18.1,775.7,67.3,734,67.3z\"\/>\n\t<path class=\"elementor-shape-fill\" d=\"M766.1,28.9c-200-57.5-266,65.5-395.1,19.5C242,1.8,242,5.4,184.8,20.6C128,35.8,132.3,44.9,89.9,52.5C28.6,63.7,0,0,0,0 h1000c0,0-9.9,40.9-83.6,48.1S829.6,47,766.1,28.9z\"\/>\n<\/svg>\t\t<\/div>\n\t\t\t\t\t<div class=\"elementor-container elementor-column-gap-default\">\n\t\t\t\t\t<div class=\"elementor-column elementor-col-100 elementor-top-column elementor-element elementor-element-450c631\" data-id=\"450c631\" data-element_type=\"column\">\n\t\t\t<div class=\"elementor-widget-wrap elementor-element-populated\">\n\t\t\t\t\t\t\t\t<section class=\"elementor-section elementor-inner-section elementor-element elementor-element-bb81a5d elementor-section-boxed elementor-section-height-default elementor-section-height-default\" data-id=\"bb81a5d\" data-element_type=\"section\">\n\t\t\t\t\t\t<div class=\"elementor-container elementor-column-gap-default\">\n\t\t\t\t\t<div class=\"elementor-column elementor-col-50 elementor-inner-column elementor-element elementor-element-e4ea862\" data-id=\"e4ea862\" data-element_type=\"column\">\n\t\t\t<div class=\"elementor-widget-wrap elementor-element-populated\">\n\t\t\t\t\t\t\t\t<div class=\"elementor-element elementor-element-f5101d2 elementor-absolute elementor-widget elementor-widget-image\" data-id=\"f5101d2\" data-element_type=\"widget\" data-settings=\"{&quot;_position&quot;:&quot;absolute&quot;}\" data-widget_type=\"image.default\">\n\t\t\t\t<div class=\"elementor-widget-container\">\n\t\t\t\t\t\t\t\t\t\t\t\t\t\t\t<img width=\"310\" height=\"300\" src=\"https:\/\/www.allegra.life\/wp-content\/uploads\/2021\/11\/Estrella-violeta-310.png\" class=\"attachment-medium size-medium\" alt=\"\" loading=\"lazy\" \/>\t\t\t\t\t\t\t\t\t\t\t\t\t\t\t<\/div>\n\t\t\t\t<\/div>\n\t\t\t\t\t<\/div>\n\t\t<\/div>\n\t\t\t\t<div class=\"elementor-column elementor-col-50 elementor-inner-column elementor-element elementor-element-380dfc8\" data-id=\"380dfc8\" data-element_type=\"column\">\n\t\t\t<div class=\"elementor-widget-wrap\">\n\t\t\t\t\t\t\t\t\t<\/div>\n\t\t<\/div>\n\t\t\t\t\t\t\t<\/div>\n\t\t<\/section>\n\t\t\t\t<div class=\"elementor-element elementor-element-62ef934 elementor-widget elementor-widget-spacer\" data-id=\"62ef934\" data-element_type=\"widget\" data-widget_type=\"spacer.default\">\n\t\t\t\t<div class=\"elementor-widget-container\">\n\t\t\t\t\t<div class=\"elementor-spacer\">\n\t\t\t<div class=\"elementor-spacer-inner\"><\/div>\n\t\t<\/div>\n\t\t\t\t<\/div>\n\t\t\t\t<\/div>\n\t\t\t\t<div class=\"elementor-element elementor-element-684fbd4 elementor-widget elementor-widget-text-editor\" data-id=\"684fbd4\" data-element_type=\"widget\" data-widget_type=\"text-editor.default\">\n\t\t\t\t<div class=\"elementor-widget-container\">\n\t\t\t\t\t\t\t<p>Sono una parolaia ambulante, infilo ghirlande di sillabe e le vendo per un soldo. Cittadina, sognatrice, giornalista, pseudoscrittrice, una virgola d\u2019 avvocato e una di psicologa, un punto e virgola da lettrice e due punti da strega. E cos\u00ec, di lettera in lettera, cercher\u00f2 la composizione giusta per te. Sei una lei? ho la tua sensibilit\u00e0. Se sei un lui? ho quella di colei che ricever\u00e0 il tuo messaggio. Se sei incazzato dar\u00f2 una forma decisa e non violenta alla tua rabbia, se sei spiazzato esprimer\u00f2 il tuo stupore, se sei felice user\u00f2 l\u2019inchiostro color alba-tramonto per dipingere a parole la meraviglia nel tuo cuore. User\u00f2 la mia penna come un pettine per districare i tuoi pensieri e trasformarli in un messaggio proprio come volevi scriverlo tu&#8230;<\/p>\n<p>Io scrivo&#8230;<\/p>\n<p>un soldo a lettera, se non ti piace lo cestiniamo (gratis)<\/p>\n<p>Lettere d\u2019amore e d\u2019onore; messaggi di congratulazioni e di condoglianze; discorsi per matrimoni e funerali; pubblicazioni, annunci\u2026 Possiamo fare tutto via Whatsapp\/via mail\/romantiche e scalcagnate vecchie poste. Come vuoi tu.<\/p>\n<p>Sconti x logorroici<\/p>\n\t\t\t\t\t\t<\/div>\n\t\t\t\t<\/div>\n\t\t\t\t<section class=\"elementor-section elementor-inner-section elementor-element elementor-element-179246f elementor-section-boxed elementor-section-height-default elementor-section-height-default\" data-id=\"179246f\" data-element_type=\"section\">\n\t\t\t\t\t\t<div class=\"elementor-container elementor-column-gap-default\">\n\t\t\t\t\t<div class=\"elementor-column elementor-col-33 elementor-inner-column elementor-element elementor-element-6bd2152\" data-id=\"6bd2152\" data-element_type=\"column\">\n\t\t\t<div class=\"elementor-widget-wrap elementor-element-populated\">\n\t\t\t\t\t\t\t\t<div class=\"elementor-element elementor-element-83b4b96 elementor-absolute elementor-widget elementor-widget-heading\" data-id=\"83b4b96\" data-element_type=\"widget\" data-settings=\"{&quot;_position&quot;:&quot;absolute&quot;}\" data-widget_type=\"heading.default\">\n\t\t\t\t<div class=\"elementor-widget-container\">\n\t\t\t<h5 class=\"elementor-heading-title elementor-size-default\"><a href=\"https:\/\/www.allegra.life\/it\/giornalista-e-autrice\">Giornalista e autrice<\/a><\/h5>\t\t<\/div>\n\t\t\t\t<\/div>\n\t\t\t\t<div class=\"elementor-element elementor-element-e591930 elementor-invisible elementor-widget elementor-widget-image\" data-id=\"e591930\" data-element_type=\"widget\" data-settings=\"{&quot;_animation&quot;:&quot;fadeInUp&quot;}\" data-widget_type=\"image.default\">\n\t\t\t\t<div class=\"elementor-widget-container\">\n\t\t\t\t\t\t\t\t\t\t\t\t\t\t\t\t<a href=\"https:\/\/www.allegra.life\/it\/giornalista-e-autrice\">\n\t\t\t\t\t\t\t<img width=\"469\" height=\"600\" src=\"https:\/\/www.allegra.life\/wp-content\/uploads\/2021\/11\/Estrella-bola-2-469x600.png\" class=\"attachment-medium size-medium\" alt=\"\" loading=\"lazy\" srcset=\"https:\/\/www.allegra.life\/wp-content\/uploads\/2021\/11\/Estrella-bola-2-469x600.png 469w, https:\/\/www.allegra.life\/wp-content\/uploads\/2021\/11\/Estrella-bola-2.png 500w\" sizes=\"(max-width: 469px) 100vw, 469px\" \/>\t\t\t\t\t\t\t\t<\/a>\n\t\t\t\t\t\t\t\t\t\t\t\t\t\t\t<\/div>\n\t\t\t\t<\/div>\n\t\t\t\t\t<\/div>\n\t\t<\/div>\n\t\t\t\t<div class=\"elementor-column elementor-col-33 elementor-inner-column elementor-element elementor-element-b8e6ade\" data-id=\"b8e6ade\" data-element_type=\"column\">\n\t\t\t<div class=\"elementor-widget-wrap elementor-element-populated\">\n\t\t\t\t\t\t\t\t<div class=\"elementor-element elementor-element-8705538 elementor-absolute elementor-widget elementor-widget-heading\" data-id=\"8705538\" data-element_type=\"widget\" data-settings=\"{&quot;_position&quot;:&quot;absolute&quot;}\" data-widget_type=\"heading.default\">\n\t\t\t\t<div class=\"elementor-widget-container\">\n\t\t\t<h5 class=\"elementor-heading-title elementor-size-default\"><a href=\"https:\/\/www.allegra.life\/it\/terapia-della-dignita\">Terapia della Dignit\u00e0 \/ Impronte di vita<\/a><\/h5>\t\t<\/div>\n\t\t\t\t<\/div>\n\t\t\t\t<div class=\"elementor-element elementor-element-a1c1ad5 elementor-invisible elementor-widget elementor-widget-image\" data-id=\"a1c1ad5\" data-element_type=\"widget\" data-settings=\"{&quot;_animation&quot;:&quot;fadeInUp&quot;}\" data-widget_type=\"image.default\">\n\t\t\t\t<div class=\"elementor-widget-container\">\n\t\t\t\t\t\t\t\t\t\t\t\t\t\t\t\t<a href=\"https:\/\/www.allegra.life\/it\/terapia-della-dignita\">\n\t\t\t\t\t\t\t<img width=\"469\" height=\"600\" src=\"https:\/\/www.allegra.life\/wp-content\/uploads\/2021\/11\/Estrella-bola-2-469x600.png\" class=\"attachment-medium size-medium\" alt=\"\" loading=\"lazy\" srcset=\"https:\/\/www.allegra.life\/wp-content\/uploads\/2021\/11\/Estrella-bola-2-469x600.png 469w, https:\/\/www.allegra.life\/wp-content\/uploads\/2021\/11\/Estrella-bola-2.png 500w\" sizes=\"(max-width: 469px) 100vw, 469px\" \/>\t\t\t\t\t\t\t\t<\/a>\n\t\t\t\t\t\t\t\t\t\t\t\t\t\t\t<\/div>\n\t\t\t\t<\/div>\n\t\t\t\t\t<\/div>\n\t\t<\/div>\n\t\t\t\t<div class=\"elementor-column elementor-col-33 elementor-inner-column elementor-element elementor-element-9095dab\" data-id=\"9095dab\" data-element_type=\"column\">\n\t\t\t<div class=\"elementor-widget-wrap elementor-element-populated\">\n\t\t\t\t\t\t\t\t<div class=\"elementor-element elementor-element-a2aac7f elementor-absolute elementor-widget elementor-widget-heading\" data-id=\"a2aac7f\" data-element_type=\"widget\" data-settings=\"{&quot;_position&quot;:&quot;absolute&quot;}\" data-widget_type=\"heading.default\">\n\t\t\t\t<div class=\"elementor-widget-container\">\n\t\t\t<h5 class=\"elementor-heading-title elementor-size-default\"><a href=\"https:\/\/www.allegra.life\/it\/il-giornale-che-parla-di-me\">\u2018Il giornale che parla di me\u2019<\/a><\/h5>\t\t<\/div>\n\t\t\t\t<\/div>\n\t\t\t\t<div class=\"elementor-element elementor-element-2bb50d2 elementor-invisible elementor-widget elementor-widget-image\" data-id=\"2bb50d2\" data-element_type=\"widget\" data-settings=\"{&quot;_animation&quot;:&quot;fadeInUp&quot;}\" data-widget_type=\"image.default\">\n\t\t\t\t<div class=\"elementor-widget-container\">\n\t\t\t\t\t\t\t\t\t\t\t\t\t\t\t\t<a href=\"https:\/\/www.allegra.life\/it\/il-giornale-che-parla-di-me\">\n\t\t\t\t\t\t\t<img width=\"469\" height=\"600\" src=\"https:\/\/www.allegra.life\/wp-content\/uploads\/2021\/11\/Estrella-bola-2-469x600.png\" class=\"attachment-medium size-medium\" alt=\"\" loading=\"lazy\" srcset=\"https:\/\/www.allegra.life\/wp-content\/uploads\/2021\/11\/Estrella-bola-2-469x600.png 469w, https:\/\/www.allegra.life\/wp-content\/uploads\/2021\/11\/Estrella-bola-2.png 500w\" sizes=\"(max-width: 469px) 100vw, 469px\" \/>\t\t\t\t\t\t\t\t<\/a>\n\t\t\t\t\t\t\t\t\t\t\t\t\t\t\t<\/div>\n\t\t\t\t<\/div>\n\t\t\t\t\t<\/div>\n\t\t<\/div>\n\t\t\t\t\t\t\t<\/div>\n\t\t<\/section>\n\t\t\t\t\t<\/div>\n\t\t<\/div>\n\t\t\t\t\t\t\t<\/div>\n\t\t<\/section>\n\t\t\t\t\t\t<\/div>\n\t\t\t\t\t<\/div>\n\t\t","protected":false},"excerpt":{"rendered":"<p>Parolaia magica (e ambulante!) Sono una parolaia ambulante, infilo ghirlande di sillabe e le vendo per un soldo. Cittadina, sognatrice, giornalista, pseudoscrittrice, una virgola d\u2019 avvocato e una di psicologa, un punto e virgola da lettrice e due punti da strega. E cos\u00ec, di lettera in lettera, cercher\u00f2 la composizione giusta per te. Sei una &hellip;<\/p>\n<p class=\"read-more\"> <a class=\"\" href=\"https:\/\/www.allegra.life\/it\/cometa-di-parole\/parolaia-magica-e-ambulante\/\"> <span class=\"screen-reader-text\">Parolaia magica e ambulante<\/span> Leggi altro &raquo;<\/a><\/p>\n","protected":false},"author":1,"featured_media":0,"parent":1246,"menu_order":0,"comment_status":"closed","ping_status":"closed","template":"","meta":[],"_links":{"self":[{"href":"https:\/\/www.allegra.life\/it\/wp-json\/wp\/v2\/pages\/1250"}],"collection":[{"href":"https:\/\/www.allegra.life\/it\/wp-json\/wp\/v2\/pages"}],"about":[{"href":"https:\/\/www.allegra.life\/it\/wp-json\/wp\/v2\/types\/page"}],"author":[{"embeddable":true,"href":"https:\/\/www.allegra.life\/it\/wp-json\/wp\/v2\/users\/1"}],"replies":[{"embeddable":true,"href":"https:\/\/www.allegra.life\/it\/wp-json\/wp\/v2\/comments?post=1250"}],"version-history":[{"count":5,"href":"https:\/\/www.allegra.life\/it\/wp-json\/wp\/v2\/pages\/1250\/revisions"}],"predecessor-version":[{"id":1347,"href":"https:\/\/www.allegra.life\/it\/wp-json\/wp\/v2\/pages\/1250\/revisions\/1347"}],"up":[{"embeddable":true,"href":"https:\/\/www.allegra.life\/it\/wp-json\/wp\/v2\/pages\/1246"}],"wp:attachment":[{"href":"https:\/\/www.allegra.life\/it\/wp-json\/wp\/v2\/media?parent=1250"}],"curies":[{"name":"wp","href":"https:\/\/api.w.org\/{rel}","templated":true}]}}