{"id":1256,"date":"2021-11-19T16:36:20","date_gmt":"2021-11-19T16:36:20","guid":{"rendered":"https:\/\/www.allegra.life\/cometa-di-parole\/terapia-della-dignita\/"},"modified":"2021-11-20T10:03:37","modified_gmt":"2021-11-20T10:03:37","slug":"terapia-della-dignita","status":"publish","type":"page","link":"https:\/\/www.allegra.life\/it\/cometa-di-parole\/terapia-della-dignita\/","title":{"rendered":"Terapia della Dignit\u00e0"},"content":{"rendered":"\t\t<div data-elementor-type=\"wp-page\" data-elementor-id=\"1256\" class=\"elementor elementor-1256 elementor-726\" data-elementor-settings=\"[]\">\n\t\t\t\t\t\t\t<div class=\"elementor-section-wrap\">\n\t\t\t\t\t\t\t<section class=\"elementor-section elementor-top-section elementor-element elementor-element-54002d4 elementor-section-height-min-height elementor-section-items-stretch elementor-section-content-middle elementor-section-stretched elementor-section-boxed elementor-section-height-default\" data-id=\"54002d4\" data-element_type=\"section\" data-settings=\"{&quot;stretch_section&quot;:&quot;section-stretched&quot;}\">\n\t\t\t\t\t\t<div class=\"elementor-container elementor-column-gap-default\">\n\t\t\t\t\t<div class=\"elementor-column elementor-col-100 elementor-top-column elementor-element elementor-element-9518542\" data-id=\"9518542\" data-element_type=\"column\">\n\t\t\t<div class=\"elementor-widget-wrap elementor-element-populated\">\n\t\t\t\t\t\t\t\t<div class=\"elementor-element elementor-element-dfc486e elementor-widget elementor-widget-heading\" data-id=\"dfc486e\" data-element_type=\"widget\" data-widget_type=\"heading.default\">\n\t\t\t\t<div class=\"elementor-widget-container\">\n\t\t\t<h2 class=\"elementor-heading-title elementor-size-default\">Terapia della Dignit\u00e0<\/h2>\t\t<\/div>\n\t\t\t\t<\/div>\n\t\t\t\t<div class=\"elementor-element elementor-element-92d5d22 elementor-widget elementor-widget-heading\" data-id=\"92d5d22\" data-element_type=\"widget\" data-widget_type=\"heading.default\">\n\t\t\t\t<div class=\"elementor-widget-container\">\n\t\t\t<h2 class=\"elementor-heading-title elementor-size-default\">Impronte di vita<\/h2>\t\t<\/div>\n\t\t\t\t<\/div>\n\t\t\t\t\t<\/div>\n\t\t<\/div>\n\t\t\t\t\t\t\t<\/div>\n\t\t<\/section>\n\t\t\t\t<section class=\"elementor-section elementor-top-section elementor-element elementor-element-8e5359e elementor-section-height-min-height elementor-section-items-top elementor-section-boxed elementor-section-height-default\" data-id=\"8e5359e\" data-element_type=\"section\" data-settings=\"{&quot;background_background&quot;:&quot;classic&quot;,&quot;shape_divider_top&quot;:&quot;mountains&quot;}\">\n\t\t\t\t\t<div class=\"elementor-shape elementor-shape-top\" data-negative=\"false\">\n\t\t\t<svg xmlns=\"http:\/\/www.w3.org\/2000\/svg\" viewBox=\"0 0 1000 100\" preserveAspectRatio=\"none\">\n\t<path class=\"elementor-shape-fill\" opacity=\"0.33\" d=\"M473,67.3c-203.9,88.3-263.1-34-320.3,0C66,119.1,0,59.7,0,59.7V0h1000v59.7 c0,0-62.1,26.1-94.9,29.3c-32.8,3.3-62.8-12.3-75.8-22.1C806,49.6,745.3,8.7,694.9,4.7S492.4,59,473,67.3z\"\/>\n\t<path class=\"elementor-shape-fill\" opacity=\"0.66\" d=\"M734,67.3c-45.5,0-77.2-23.2-129.1-39.1c-28.6-8.7-150.3-10.1-254,39.1 s-91.7-34.4-149.2,0C115.7,118.3,0,39.8,0,39.8V0h1000v36.5c0,0-28.2-18.5-92.1-18.5C810.2,18.1,775.7,67.3,734,67.3z\"\/>\n\t<path class=\"elementor-shape-fill\" d=\"M766.1,28.9c-200-57.5-266,65.5-395.1,19.5C242,1.8,242,5.4,184.8,20.6C128,35.8,132.3,44.9,89.9,52.5C28.6,63.7,0,0,0,0 h1000c0,0-9.9,40.9-83.6,48.1S829.6,47,766.1,28.9z\"\/>\n<\/svg>\t\t<\/div>\n\t\t\t\t\t<div class=\"elementor-container elementor-column-gap-default\">\n\t\t\t\t\t<div class=\"elementor-column elementor-col-100 elementor-top-column elementor-element elementor-element-03f0a86\" data-id=\"03f0a86\" data-element_type=\"column\">\n\t\t\t<div class=\"elementor-widget-wrap elementor-element-populated\">\n\t\t\t\t\t\t\t\t<section class=\"elementor-section elementor-inner-section elementor-element elementor-element-6f8ff74 elementor-section-boxed elementor-section-height-default elementor-section-height-default\" data-id=\"6f8ff74\" data-element_type=\"section\">\n\t\t\t\t\t\t<div class=\"elementor-container elementor-column-gap-default\">\n\t\t\t\t\t<div class=\"elementor-column elementor-col-50 elementor-inner-column elementor-element elementor-element-5d1d9e3\" data-id=\"5d1d9e3\" data-element_type=\"column\">\n\t\t\t<div class=\"elementor-widget-wrap elementor-element-populated\">\n\t\t\t\t\t\t\t\t<div class=\"elementor-element elementor-element-a9063a9 elementor-absolute elementor-widget elementor-widget-image\" data-id=\"a9063a9\" data-element_type=\"widget\" data-settings=\"{&quot;_position&quot;:&quot;absolute&quot;}\" data-widget_type=\"image.default\">\n\t\t\t\t<div class=\"elementor-widget-container\">\n\t\t\t\t\t\t\t\t\t\t\t\t\t\t\t<img width=\"300\" height=\"290\" src=\"https:\/\/www.allegra.life\/wp-content\/uploads\/2021\/11\/Estrella-rojo-300.png\" class=\"attachment-medium size-medium\" alt=\"\" loading=\"lazy\" \/>\t\t\t\t\t\t\t\t\t\t\t\t\t\t\t<\/div>\n\t\t\t\t<\/div>\n\t\t\t\t\t<\/div>\n\t\t<\/div>\n\t\t\t\t<div class=\"elementor-column elementor-col-50 elementor-inner-column elementor-element elementor-element-8e414b6\" data-id=\"8e414b6\" data-element_type=\"column\">\n\t\t\t<div class=\"elementor-widget-wrap elementor-element-populated\">\n\t\t\t\t\t\t\t\t<div class=\"elementor-element elementor-element-ab651c9 elementor-absolute elementor-widget elementor-widget-image\" data-id=\"ab651c9\" data-element_type=\"widget\" data-settings=\"{&quot;_position&quot;:&quot;absolute&quot;}\" data-widget_type=\"image.default\">\n\t\t\t\t<div class=\"elementor-widget-container\">\n\t\t\t\t\t\t\t\t\t\t\t\t\t\t\t<img width=\"300\" height=\"290\" src=\"https:\/\/www.allegra.life\/wp-content\/uploads\/2021\/11\/Estrella-violeta-300.png\" class=\"attachment-medium size-medium\" alt=\"\" loading=\"lazy\" \/>\t\t\t\t\t\t\t\t\t\t\t\t\t\t\t<\/div>\n\t\t\t\t<\/div>\n\t\t\t\t\t<\/div>\n\t\t<\/div>\n\t\t\t\t\t\t\t<\/div>\n\t\t<\/section>\n\t\t\t\t<div class=\"elementor-element elementor-element-bbb9f79 elementor-widget elementor-widget-spacer\" data-id=\"bbb9f79\" data-element_type=\"widget\" data-widget_type=\"spacer.default\">\n\t\t\t\t<div class=\"elementor-widget-container\">\n\t\t\t\t\t<div class=\"elementor-spacer\">\n\t\t\t<div class=\"elementor-spacer-inner\"><\/div>\n\t\t<\/div>\n\t\t\t\t<\/div>\n\t\t\t\t<\/div>\n\t\t\t\t<div class=\"elementor-element elementor-element-5ac4b97 elementor-widget elementor-widget-text-editor\" data-id=\"5ac4b97\" data-element_type=\"widget\" data-widget_type=\"text-editor.default\">\n\t\t\t\t<div class=\"elementor-widget-container\">\n\t\t\t\t\t\t\t<p>\u00c8 un intervento terapeutico in cui le \u201cmedicine\u201d sono le parole e il cui frutto finale \u00e8 <strong>un piccolo libro<\/strong> che racchiude racconti d vita e soprattutto i messaggi profondi esistenziali della persona che ne \u00e8 protagonista. Un documento scritto unico, da offrire successivamente a uno o pi\u00f9 destinatari prescelti. Io l\u2019ho imparata in Canada, con il suo fondatore, professor Harvey Chochinov, uno dei padri fondatori delle cure palliative a livello mondiale. Lo trovo un intervento di una potenza e bellezza fuori dal comune. Chiamo la mia proposta terapeutica, basata sulla Terapia della Dignit\u00e0, \u2018Impronte di Vita\u2019. Ho avuto l\u2019onore di fare questo lavoro con persone vicine al momento della propria morte, che a pochi giorni di distanza \u2013 a volte ore \u2013 dal momento del loro passaggio, hanno scelto questa terapia, lasciando cos\u00ec una traccia di s\u00e9 nero su bianco \u2013 e con molti colori! Un dono a se stessi e ai propri cari, per trasmettere un\u2019eredit\u00e0 spirituale che aiuta chi rimane e andarsene pi\u00f9 leggeri e pi\u00f9 carichi d\u2019amore.<\/p>\n<p>Si tratta di una terapia adatta solo a chi sta per morire? Non lo credo. Certo, per chi ha una malattia importante e cosiddetta \u2018terminale\u2019, risuona fortissimo il valore dell\u2019eredit\u00e0 esistenziale\/spirituale (che la persona sia cosciente o no della gravit\u00e0 della sua situazione a livello clinico). Non per niente le cure palliative sono tuttora il campo in cui la Terapia della Dignit\u00e0 \u00e8 pi\u00f9 utilizzata nel mondo. Oggigiorno, per\u00f2, data la sua adattabilit\u00e0 e forza, si usa sempre pi\u00f9 anche in altri settori, con persone che hanno una malattia dalla prognosi non necessariamente infausta e pi\u00f9 in generale con persone che non hanno proprio nulla da curare, almeno a livello fisico. \u00c8 che dobbiamo morire per rinascere\u2026 e questo \u00e8 uno strumento che pu\u00f2 aiutarci molto, quando siamo in una \u2018crisi\u2019, o meglio in un cambio vitale, per congedarci da una tappa della nostra esistenza, fare pace, lasciar andare e accogliere il nuovo ciclo con apertura, benevolenza e chiarezza. Questa terapia facilita la connessione con la nostra essenza pi\u00f9 profonda, contattando e dando alla luce una versione pi\u00f9 viva e presente di noi stessi.<\/p>\n<p>&nbsp;<\/p>\n<p><strong>Lavoro come terapista e formatrice.<\/strong> Attualmente non ho nessuna affiliazione istituzionale, lavoro con qualsiasi persona che ne faccia richiesta e come formatrice per i professionisti della salute (il mio ultimo corso di formazione \u00e8 stato promosso dall\u2019Ordine dei Medici delle Baleari, in Spagna).<\/p>\n\t\t\t\t\t\t<\/div>\n\t\t\t\t<\/div>\n\t\t\t\t<div class=\"elementor-element elementor-element-9a95172 elementor-widget elementor-widget-heading\" data-id=\"9a95172\" data-element_type=\"widget\" data-widget_type=\"heading.default\">\n\t\t\t\t<div class=\"elementor-widget-container\">\n\t\t\t<h5 class=\"elementor-heading-title elementor-size-default\"><a href=\"http:\/\/terapiadelladignita.it\/\" target=\"_blank\">http:\/\/terapiadelladignita.it\/<\/a><\/h5>\t\t<\/div>\n\t\t\t\t<\/div>\n\t\t\t\t<section class=\"elementor-section elementor-inner-section elementor-element elementor-element-e9a28b7 elementor-section-boxed elementor-section-height-default elementor-section-height-default\" data-id=\"e9a28b7\" data-element_type=\"section\">\n\t\t\t\t\t\t<div class=\"elementor-container elementor-column-gap-default\">\n\t\t\t\t\t<div class=\"elementor-column elementor-col-33 elementor-inner-column elementor-element elementor-element-937c843\" data-id=\"937c843\" data-element_type=\"column\">\n\t\t\t<div class=\"elementor-widget-wrap elementor-element-populated\">\n\t\t\t\t\t\t\t\t<div class=\"elementor-element elementor-element-afad804 elementor-absolute elementor-widget elementor-widget-heading\" data-id=\"afad804\" data-element_type=\"widget\" data-settings=\"{&quot;_position&quot;:&quot;absolute&quot;}\" data-widget_type=\"heading.default\">\n\t\t\t\t<div class=\"elementor-widget-container\">\n\t\t\t<h5 class=\"elementor-heading-title elementor-size-default\"><a href=\"https:\/\/www.allegra.life\/it\/giornalista-e-autrice\">Giornalista e autrice<\/a><\/h5>\t\t<\/div>\n\t\t\t\t<\/div>\n\t\t\t\t<div class=\"elementor-element elementor-element-6c170b2 elementor-widget elementor-widget-image\" data-id=\"6c170b2\" data-element_type=\"widget\" data-widget_type=\"image.default\">\n\t\t\t\t<div class=\"elementor-widget-container\">\n\t\t\t\t\t\t\t\t\t\t\t\t\t\t\t\t<a href=\"https:\/\/www.allegra.life\/it\/giornalista-e-autrice\">\n\t\t\t\t\t\t\t<img width=\"469\" height=\"600\" src=\"https:\/\/www.allegra.life\/wp-content\/uploads\/2021\/11\/Estrella-bola-4-469x600.png\" class=\"attachment-medium size-medium\" alt=\"\" loading=\"lazy\" srcset=\"https:\/\/www.allegra.life\/wp-content\/uploads\/2021\/11\/Estrella-bola-4-469x600.png 469w, https:\/\/www.allegra.life\/wp-content\/uploads\/2021\/11\/Estrella-bola-4.png 500w\" sizes=\"(max-width: 469px) 100vw, 469px\" \/>\t\t\t\t\t\t\t\t<\/a>\n\t\t\t\t\t\t\t\t\t\t\t\t\t\t\t<\/div>\n\t\t\t\t<\/div>\n\t\t\t\t\t<\/div>\n\t\t<\/div>\n\t\t\t\t<div class=\"elementor-column elementor-col-33 elementor-inner-column elementor-element elementor-element-678a6ac\" data-id=\"678a6ac\" data-element_type=\"column\">\n\t\t\t<div class=\"elementor-widget-wrap elementor-element-populated\">\n\t\t\t\t\t\t\t\t<div class=\"elementor-element elementor-element-1bf03af elementor-absolute elementor-widget elementor-widget-image\" data-id=\"1bf03af\" data-element_type=\"widget\" data-settings=\"{&quot;_position&quot;:&quot;absolute&quot;}\" data-widget_type=\"image.default\">\n\t\t\t\t<div class=\"elementor-widget-container\">\n\t\t\t\t\t\t\t\t\t\t\t\t\t\t\t\t<a href=\"https:\/\/www.allegra.life\/it\/il-giornale-che-parla-di-me\">\n\t\t\t\t\t\t\t<img width=\"469\" height=\"600\" src=\"https:\/\/www.allegra.life\/wp-content\/uploads\/2021\/11\/Estrella-bola-1-469x600.png\" class=\"attachment-medium size-medium\" alt=\"\" loading=\"lazy\" srcset=\"https:\/\/www.allegra.life\/wp-content\/uploads\/2021\/11\/Estrella-bola-1-469x600.png 469w, https:\/\/www.allegra.life\/wp-content\/uploads\/2021\/11\/Estrella-bola-1.png 500w\" sizes=\"(max-width: 469px) 100vw, 469px\" \/>\t\t\t\t\t\t\t\t<\/a>\n\t\t\t\t\t\t\t\t\t\t\t\t\t\t\t<\/div>\n\t\t\t\t<\/div>\n\t\t\t\t<div class=\"elementor-element elementor-element-6c55c1c elementor-absolute elementor-widget elementor-widget-heading\" data-id=\"6c55c1c\" data-element_type=\"widget\" data-settings=\"{&quot;_position&quot;:&quot;absolute&quot;}\" data-widget_type=\"heading.default\">\n\t\t\t\t<div class=\"elementor-widget-container\">\n\t\t\t<h5 class=\"elementor-heading-title elementor-size-default\"><a href=\"https:\/\/www.allegra.life\/it\/il-giornale-che-parla-di-me\">\u2018Il giornale che parla di me\u2019<\/a><\/h5>\t\t<\/div>\n\t\t\t\t<\/div>\n\t\t\t\t\t<\/div>\n\t\t<\/div>\n\t\t\t\t<div class=\"elementor-column elementor-col-33 elementor-inner-column elementor-element elementor-element-0c7c7c3\" data-id=\"0c7c7c3\" data-element_type=\"column\">\n\t\t\t<div class=\"elementor-widget-wrap elementor-element-populated\">\n\t\t\t\t\t\t\t\t<div class=\"elementor-element elementor-element-ff2b769 elementor-absolute elementor-widget elementor-widget-image\" data-id=\"ff2b769\" data-element_type=\"widget\" data-settings=\"{&quot;_position&quot;:&quot;absolute&quot;}\" data-widget_type=\"image.default\">\n\t\t\t\t<div class=\"elementor-widget-container\">\n\t\t\t\t\t\t\t\t\t\t\t\t\t\t\t\t<a href=\"https:\/\/www.allegra.life\/it\/parolaia-magica-e-ambulante\">\n\t\t\t\t\t\t\t<img width=\"469\" height=\"600\" src=\"https:\/\/www.allegra.life\/wp-content\/uploads\/2021\/11\/Estrella-bola-2-469x600.png\" class=\"attachment-medium size-medium\" alt=\"\" loading=\"lazy\" srcset=\"https:\/\/www.allegra.life\/wp-content\/uploads\/2021\/11\/Estrella-bola-2-469x600.png 469w, https:\/\/www.allegra.life\/wp-content\/uploads\/2021\/11\/Estrella-bola-2.png 500w\" sizes=\"(max-width: 469px) 100vw, 469px\" \/>\t\t\t\t\t\t\t\t<\/a>\n\t\t\t\t\t\t\t\t\t\t\t\t\t\t\t<\/div>\n\t\t\t\t<\/div>\n\t\t\t\t<div class=\"elementor-element elementor-element-aafeb49 elementor-absolute elementor-widget elementor-widget-heading\" data-id=\"aafeb49\" data-element_type=\"widget\" data-settings=\"{&quot;_position&quot;:&quot;absolute&quot;}\" data-widget_type=\"heading.default\">\n\t\t\t\t<div class=\"elementor-widget-container\">\n\t\t\t<h5 class=\"elementor-heading-title elementor-size-default\"><a href=\"https:\/\/www.allegra.life\/it\/parolaia-magica-e-ambulante\">Parolaia magica (e ambulante!)<\/a><\/h5>\t\t<\/div>\n\t\t\t\t<\/div>\n\t\t\t\t\t<\/div>\n\t\t<\/div>\n\t\t\t\t\t\t\t<\/div>\n\t\t<\/section>\n\t\t\t\t<div class=\"elementor-element elementor-element-cd43446 elementor-widget elementor-widget-spacer\" data-id=\"cd43446\" data-element_type=\"widget\" data-widget_type=\"spacer.default\">\n\t\t\t\t<div class=\"elementor-widget-container\">\n\t\t\t\t\t<div class=\"elementor-spacer\">\n\t\t\t<div class=\"elementor-spacer-inner\"><\/div>\n\t\t<\/div>\n\t\t\t\t<\/div>\n\t\t\t\t<\/div>\n\t\t\t\t\t<\/div>\n\t\t<\/div>\n\t\t\t\t\t\t\t<\/div>\n\t\t<\/section>\n\t\t\t\t\t\t<\/div>\n\t\t\t\t\t<\/div>\n\t\t","protected":false},"excerpt":{"rendered":"<p>Terapia della Dignit\u00e0 Impronte di vita \u00c8 un intervento terapeutico in cui le \u201cmedicine\u201d sono le parole e il cui frutto finale \u00e8 un piccolo libro che racchiude racconti d vita e soprattutto i messaggi profondi esistenziali della persona che ne \u00e8 protagonista. Un documento scritto unico, da offrire successivamente a uno o pi\u00f9 destinatari &hellip;<\/p>\n<p class=\"read-more\"> <a class=\"\" href=\"https:\/\/www.allegra.life\/it\/cometa-di-parole\/terapia-della-dignita\/\"> <span class=\"screen-reader-text\">Terapia della Dignit\u00e0<\/span> Leggi altro &raquo;<\/a><\/p>\n","protected":false},"author":1,"featured_media":0,"parent":1246,"menu_order":0,"comment_status":"closed","ping_status":"closed","template":"","meta":[],"_links":{"self":[{"href":"https:\/\/www.allegra.life\/it\/wp-json\/wp\/v2\/pages\/1256"}],"collection":[{"href":"https:\/\/www.allegra.life\/it\/wp-json\/wp\/v2\/pages"}],"about":[{"href":"https:\/\/www.allegra.life\/it\/wp-json\/wp\/v2\/types\/page"}],"author":[{"embeddable":true,"href":"https:\/\/www.allegra.life\/it\/wp-json\/wp\/v2\/users\/1"}],"replies":[{"embeddable":true,"href":"https:\/\/www.allegra.life\/it\/wp-json\/wp\/v2\/comments?post=1256"}],"version-history":[{"count":3,"href":"https:\/\/www.allegra.life\/it\/wp-json\/wp\/v2\/pages\/1256\/revisions"}],"predecessor-version":[{"id":1353,"href":"https:\/\/www.allegra.life\/it\/wp-json\/wp\/v2\/pages\/1256\/revisions\/1353"}],"up":[{"embeddable":true,"href":"https:\/\/www.allegra.life\/it\/wp-json\/wp\/v2\/pages\/1246"}],"wp:attachment":[{"href":"https:\/\/www.allegra.life\/it\/wp-json\/wp\/v2\/media?parent=1256"}],"curies":[{"name":"wp","href":"https:\/\/api.w.org\/{rel}","templated":true}]}}