{"id":1264,"date":"2021-11-19T16:48:21","date_gmt":"2021-11-19T16:48:21","guid":{"rendered":"https:\/\/www.allegra.life\/ricette-di-viaggio\/incontro-alla-fame\/"},"modified":"2021-11-20T10:23:03","modified_gmt":"2021-11-20T10:23:03","slug":"incontro-alla-fame","status":"publish","type":"page","link":"https:\/\/www.allegra.life\/it\/ricette-di-viaggio\/incontro-alla-fame\/","title":{"rendered":"Incontro alla fame"},"content":{"rendered":"\t\t<div data-elementor-type=\"wp-page\" data-elementor-id=\"1264\" class=\"elementor elementor-1264 elementor-851\" data-elementor-settings=\"[]\">\n\t\t\t\t\t\t\t<div class=\"elementor-section-wrap\">\n\t\t\t\t\t\t\t<section class=\"elementor-section elementor-top-section elementor-element elementor-element-fb60ffe elementor-section-height-min-height elementor-section-boxed elementor-section-height-default elementor-section-items-middle\" data-id=\"fb60ffe\" data-element_type=\"section\">\n\t\t\t\t\t\t<div class=\"elementor-container elementor-column-gap-default\">\n\t\t\t\t\t<div class=\"elementor-column elementor-col-100 elementor-top-column elementor-element elementor-element-a64cd6a\" data-id=\"a64cd6a\" data-element_type=\"column\">\n\t\t\t<div class=\"elementor-widget-wrap elementor-element-populated\">\n\t\t\t\t\t\t\t\t<div class=\"elementor-element elementor-element-7315b9c elementor-widget elementor-widget-heading\" data-id=\"7315b9c\" data-element_type=\"widget\" data-widget_type=\"heading.default\">\n\t\t\t\t<div class=\"elementor-widget-container\">\n\t\t\t<h2 class=\"elementor-heading-title elementor-size-default\">Incontro alla fame<\/h2>\t\t<\/div>\n\t\t\t\t<\/div>\n\t\t\t\t\t<\/div>\n\t\t<\/div>\n\t\t\t\t\t\t\t<\/div>\n\t\t<\/section>\n\t\t\t\t<section class=\"elementor-section elementor-top-section elementor-element elementor-element-b287f48 elementor-section-height-min-height elementor-section-items-top elementor-section-boxed elementor-section-height-default\" data-id=\"b287f48\" data-element_type=\"section\" data-settings=\"{&quot;background_background&quot;:&quot;classic&quot;,&quot;shape_divider_top&quot;:&quot;mountains&quot;}\">\n\t\t\t\t\t<div class=\"elementor-shape elementor-shape-top\" data-negative=\"false\">\n\t\t\t<svg xmlns=\"http:\/\/www.w3.org\/2000\/svg\" viewBox=\"0 0 1000 100\" preserveAspectRatio=\"none\">\n\t<path class=\"elementor-shape-fill\" opacity=\"0.33\" d=\"M473,67.3c-203.9,88.3-263.1-34-320.3,0C66,119.1,0,59.7,0,59.7V0h1000v59.7 c0,0-62.1,26.1-94.9,29.3c-32.8,3.3-62.8-12.3-75.8-22.1C806,49.6,745.3,8.7,694.9,4.7S492.4,59,473,67.3z\"\/>\n\t<path class=\"elementor-shape-fill\" opacity=\"0.66\" d=\"M734,67.3c-45.5,0-77.2-23.2-129.1-39.1c-28.6-8.7-150.3-10.1-254,39.1 s-91.7-34.4-149.2,0C115.7,118.3,0,39.8,0,39.8V0h1000v36.5c0,0-28.2-18.5-92.1-18.5C810.2,18.1,775.7,67.3,734,67.3z\"\/>\n\t<path class=\"elementor-shape-fill\" d=\"M766.1,28.9c-200-57.5-266,65.5-395.1,19.5C242,1.8,242,5.4,184.8,20.6C128,35.8,132.3,44.9,89.9,52.5C28.6,63.7,0,0,0,0 h1000c0,0-9.9,40.9-83.6,48.1S829.6,47,766.1,28.9z\"\/>\n<\/svg>\t\t<\/div>\n\t\t\t\t\t<div class=\"elementor-container elementor-column-gap-default\">\n\t\t\t\t\t<div class=\"elementor-column elementor-col-100 elementor-top-column elementor-element elementor-element-575a97b\" data-id=\"575a97b\" data-element_type=\"column\">\n\t\t\t<div class=\"elementor-widget-wrap elementor-element-populated\">\n\t\t\t\t\t\t\t\t<section class=\"elementor-section elementor-inner-section elementor-element elementor-element-3cdd404 elementor-section-boxed elementor-section-height-default elementor-section-height-default\" data-id=\"3cdd404\" data-element_type=\"section\">\n\t\t\t\t\t\t<div class=\"elementor-container elementor-column-gap-default\">\n\t\t\t\t\t<div class=\"elementor-column elementor-col-50 elementor-inner-column elementor-element elementor-element-b02373f\" data-id=\"b02373f\" data-element_type=\"column\">\n\t\t\t<div class=\"elementor-widget-wrap elementor-element-populated\">\n\t\t\t\t\t\t\t\t<div class=\"elementor-element elementor-element-0649f3f elementor-absolute elementor-widget elementor-widget-image\" data-id=\"0649f3f\" data-element_type=\"widget\" data-settings=\"{&quot;_position&quot;:&quot;absolute&quot;}\" data-widget_type=\"image.default\">\n\t\t\t\t<div class=\"elementor-widget-container\">\n\t\t\t\t\t\t\t\t\t\t\t\t\t\t\t<img width=\"310\" height=\"300\" src=\"https:\/\/www.allegra.life\/wp-content\/uploads\/2021\/11\/Estrella-rojo-310.png\" class=\"attachment-medium size-medium\" alt=\"\" loading=\"lazy\" \/>\t\t\t\t\t\t\t\t\t\t\t\t\t\t\t<\/div>\n\t\t\t\t<\/div>\n\t\t\t\t\t<\/div>\n\t\t<\/div>\n\t\t\t\t<div class=\"elementor-column elementor-col-50 elementor-inner-column elementor-element elementor-element-d6b04e9\" data-id=\"d6b04e9\" data-element_type=\"column\">\n\t\t\t<div class=\"elementor-widget-wrap elementor-element-populated\">\n\t\t\t\t\t\t\t\t<div class=\"elementor-element elementor-element-ed53979 elementor-absolute elementor-widget elementor-widget-image\" data-id=\"ed53979\" data-element_type=\"widget\" data-settings=\"{&quot;_position&quot;:&quot;absolute&quot;}\" data-widget_type=\"image.default\">\n\t\t\t\t<div class=\"elementor-widget-container\">\n\t\t\t\t\t\t\t\t\t\t\t\t\t\t\t<img width=\"300\" height=\"290\" src=\"https:\/\/www.allegra.life\/wp-content\/uploads\/2021\/11\/Estrella-violeta-300.png\" class=\"attachment-medium size-medium\" alt=\"\" loading=\"lazy\" \/>\t\t\t\t\t\t\t\t\t\t\t\t\t\t\t<\/div>\n\t\t\t\t<\/div>\n\t\t\t\t<div class=\"elementor-element elementor-element-1e22003 elementor-absolute elementor-widget elementor-widget-image\" data-id=\"1e22003\" data-element_type=\"widget\" data-settings=\"{&quot;_position&quot;:&quot;absolute&quot;}\" data-widget_type=\"image.default\">\n\t\t\t\t<div class=\"elementor-widget-container\">\n\t\t\t\t\t\t\t\t\t\t\t\t\t\t\t<img width=\"300\" height=\"290\" src=\"https:\/\/www.allegra.life\/wp-content\/uploads\/2021\/11\/Estrella-violeta-300.png\" class=\"attachment-medium size-medium\" alt=\"\" loading=\"lazy\" \/>\t\t\t\t\t\t\t\t\t\t\t\t\t\t\t<\/div>\n\t\t\t\t<\/div>\n\t\t\t\t\t<\/div>\n\t\t<\/div>\n\t\t\t\t\t\t\t<\/div>\n\t\t<\/section>\n\t\t\t\t<div class=\"elementor-element elementor-element-1e12a58 elementor-widget elementor-widget-spacer\" data-id=\"1e12a58\" data-element_type=\"widget\" data-widget_type=\"spacer.default\">\n\t\t\t\t<div class=\"elementor-widget-container\">\n\t\t\t\t\t<div class=\"elementor-spacer\">\n\t\t\t<div class=\"elementor-spacer-inner\"><\/div>\n\t\t<\/div>\n\t\t\t\t<\/div>\n\t\t\t\t<\/div>\n\t\t\t\t<div class=\"elementor-element elementor-element-e6db1e2 elementor-widget elementor-widget-text-editor\" data-id=\"e6db1e2\" data-element_type=\"widget\" data-widget_type=\"text-editor.default\">\n\t\t\t\t<div class=\"elementor-widget-container\">\n\t\t\t\t\t\t\t<p>Ogni 10 secondi, un bambino nel nostro mondo muore di fame, muore solo perch\u00e9 nessuno intorno a lui o a lei aveva sufficiente cibo da dargli affinch\u00e9 potesse continuare a vivere. Quel bambino o quella bambina mentre leggi sta respirando per l\u2019ultima volta: ADESSO \u00e8 mort@\u2013 da quando hai iniziato questo testo, sono passati circa 10 secondi per arrivare alla parola \u201cadesso\u201d.<br \/>\nOgni giorno nel mondo muoiono quasi 100mila persone a causa della fame e delle malattie dovute a carenze di micronutrienti. Numericamente, \u00e8 come se ogni singolo giorno sparisse l\u2019intera citt\u00e0 di Ancona o di Udine perch\u00e9 tutti i suoi abitanti sono morti di fame. Un quarto di loro muoiono di fame in senso stretto; un terzo di loro sono bambini. La fame nel mondo \u00e8 in aumento: pi\u00f9 di una persona su 10 soffre per la fame sulla Terra. L\u2019attuale situazione mondiale ha ulteriormente esasperato le condizioni di chi gi\u00e0 soffriva per la fame.<br \/>\nIo scelgo di essere abitante di un pianeta dove nessuno muore di fame. La nostra Gaia \u00e8 incredibilmente abbondante e infaticabilmente generosa. C\u2019\u00e8 posto e cibo per tutti. Scelgo di liberarmi dai sensi di colpa per ci\u00f2 che \u00e8; sono grata per ci\u00f2 che \u00e8 e che ho. Scelgo un mondo dove nessuno soffre e muore per la penuria di cibo. Scelgo di andare incontro alla fame.<br \/>\nUn viaggio-medicina a cui tutti possiamo partecipare, come esseri umani, come cittadini di questo pianeta, come consumatori di questo mercato, come chef di questi alimenti. Non \u00e8 pi\u00f9 il momento di essere contro, \u00e8 l\u2019ora di sapere che siamo i creatori del nostro mondo.<br \/>\nHo bisogno di alleati per il grandioso progetto \u2018Incontro alla fame\u2019. Grandioso perch\u00e9, con amore, umilt\u00e0, unione e fiducia sacra, possiamo trasformare l\u2019Universo. \u201810mila bambini, ogni secondo, ridono con la bocca piena di cibo\u2019: queste sono i dati planetari che vogliamo snocciolare.<br \/>\nContattami, per favore. Mettiamo insieme le nostre intenzioni, soldi, talenti, risorse, tempo, energie, doni e andiamo mano nella mano Incontro alla fame.<\/p>\n\t\t\t\t\t\t<\/div>\n\t\t\t\t<\/div>\n\t\t\t\t<section class=\"elementor-section elementor-inner-section elementor-element elementor-element-01978f2 elementor-section-boxed elementor-section-height-default elementor-section-height-default\" data-id=\"01978f2\" data-element_type=\"section\">\n\t\t\t\t\t\t<div class=\"elementor-container elementor-column-gap-default\">\n\t\t\t\t\t<div class=\"elementor-column elementor-col-33 elementor-inner-column elementor-element elementor-element-e441dd7\" data-id=\"e441dd7\" data-element_type=\"column\">\n\t\t\t<div class=\"elementor-widget-wrap elementor-element-populated\">\n\t\t\t\t\t\t\t\t<div class=\"elementor-element elementor-element-50427d5 elementor-absolute elementor-widget elementor-widget-heading\" data-id=\"50427d5\" data-element_type=\"widget\" data-settings=\"{&quot;_position&quot;:&quot;absolute&quot;}\" data-widget_type=\"heading.default\">\n\t\t\t\t<div class=\"elementor-widget-container\">\n\t\t\t<h5 class=\"elementor-heading-title elementor-size-default\"><a href=\"https:\/\/www.allegra.life\/it\/accompagnamento-esistenziale-spirituale\">Accompagnamento esistenziale-spirituale<\/a><\/h5>\t\t<\/div>\n\t\t\t\t<\/div>\n\t\t\t\t<div class=\"elementor-element elementor-element-bdab000 elementor-invisible elementor-widget elementor-widget-image\" data-id=\"bdab000\" data-element_type=\"widget\" data-settings=\"{&quot;_animation&quot;:&quot;fadeInUp&quot;}\" data-widget_type=\"image.default\">\n\t\t\t\t<div class=\"elementor-widget-container\">\n\t\t\t\t\t\t\t\t\t\t\t\t\t\t\t\t<a href=\"https:\/\/www.allegra.life\/it\/accompagnamento-esistenziale-spirituale\">\n\t\t\t\t\t\t\t<img width=\"469\" height=\"600\" src=\"https:\/\/www.allegra.life\/wp-content\/uploads\/2021\/11\/Estrella-bola-1-469x600.png\" class=\"attachment-medium size-medium\" alt=\"\" loading=\"lazy\" srcset=\"https:\/\/www.allegra.life\/wp-content\/uploads\/2021\/11\/Estrella-bola-1-469x600.png 469w, https:\/\/www.allegra.life\/wp-content\/uploads\/2021\/11\/Estrella-bola-1.png 500w\" sizes=\"(max-width: 469px) 100vw, 469px\" \/>\t\t\t\t\t\t\t\t<\/a>\n\t\t\t\t\t\t\t\t\t\t\t\t\t\t\t<\/div>\n\t\t\t\t<\/div>\n\t\t\t\t\t<\/div>\n\t\t<\/div>\n\t\t\t\t<div class=\"elementor-column elementor-col-33 elementor-inner-column elementor-element elementor-element-8860930\" data-id=\"8860930\" data-element_type=\"column\">\n\t\t\t<div class=\"elementor-widget-wrap elementor-element-populated\">\n\t\t\t\t\t\t\t\t<div class=\"elementor-element elementor-element-f4d2bd4 elementor-absolute elementor-widget elementor-widget-heading\" data-id=\"f4d2bd4\" data-element_type=\"widget\" data-settings=\"{&quot;_position&quot;:&quot;absolute&quot;}\" data-widget_type=\"heading.default\">\n\t\t\t\t<div class=\"elementor-widget-container\">\n\t\t\t<h5 class=\"elementor-heading-title elementor-size-default\"><a href=\"https:\/\/www.allegra.life\/it\/cucina-con-amore\">Cucina con amore<\/a><\/h5>\t\t<\/div>\n\t\t\t\t<\/div>\n\t\t\t\t<div class=\"elementor-element elementor-element-5539a17 elementor-invisible elementor-widget elementor-widget-image\" data-id=\"5539a17\" data-element_type=\"widget\" data-settings=\"{&quot;_animation&quot;:&quot;fadeInUp&quot;}\" data-widget_type=\"image.default\">\n\t\t\t\t<div class=\"elementor-widget-container\">\n\t\t\t\t\t\t\t\t\t\t\t\t\t\t\t\t<a href=\"https:\/\/www.allegra.life\/it\/cucina-con-amore\">\n\t\t\t\t\t\t\t<img width=\"469\" height=\"600\" src=\"https:\/\/www.allegra.life\/wp-content\/uploads\/2021\/11\/Estrella-bola-3-469x600.png\" class=\"attachment-medium size-medium\" alt=\"\" loading=\"lazy\" srcset=\"https:\/\/www.allegra.life\/wp-content\/uploads\/2021\/11\/Estrella-bola-3-469x600.png 469w, https:\/\/www.allegra.life\/wp-content\/uploads\/2021\/11\/Estrella-bola-3.png 500w\" sizes=\"(max-width: 469px) 100vw, 469px\" \/>\t\t\t\t\t\t\t\t<\/a>\n\t\t\t\t\t\t\t\t\t\t\t\t\t\t\t<\/div>\n\t\t\t\t<\/div>\n\t\t\t\t\t<\/div>\n\t\t<\/div>\n\t\t\t\t<div class=\"elementor-column elementor-col-33 elementor-inner-column elementor-element elementor-element-7fe940d\" data-id=\"7fe940d\" data-element_type=\"column\">\n\t\t\t<div class=\"elementor-widget-wrap elementor-element-populated\">\n\t\t\t\t\t\t\t\t<div class=\"elementor-element elementor-element-153aa99 elementor-absolute elementor-widget elementor-widget-heading\" data-id=\"153aa99\" data-element_type=\"widget\" data-settings=\"{&quot;_position&quot;:&quot;absolute&quot;}\" data-widget_type=\"heading.default\">\n\t\t\t\t<div class=\"elementor-widget-container\">\n\t\t\t<h5 class=\"elementor-heading-title elementor-size-default\"><a href=\"https:\/\/www.allegra.life\/it\/viaggio-in-elefante\">Viaggio in elefante<\/a><\/h5>\t\t<\/div>\n\t\t\t\t<\/div>\n\t\t\t\t<div class=\"elementor-element elementor-element-13c6058 elementor-invisible elementor-widget elementor-widget-image\" data-id=\"13c6058\" data-element_type=\"widget\" data-settings=\"{&quot;_animation&quot;:&quot;fadeInUp&quot;}\" data-widget_type=\"image.default\">\n\t\t\t\t<div class=\"elementor-widget-container\">\n\t\t\t\t\t\t\t\t\t\t\t\t\t\t\t\t<a href=\"https:\/\/www.allegra.life\/it\/viaggio-in-elefante\">\n\t\t\t\t\t\t\t<img width=\"469\" height=\"600\" src=\"https:\/\/www.allegra.life\/wp-content\/uploads\/2021\/11\/Estrella-bola-4-469x600.png\" class=\"attachment-medium size-medium\" alt=\"\" loading=\"lazy\" srcset=\"https:\/\/www.allegra.life\/wp-content\/uploads\/2021\/11\/Estrella-bola-4-469x600.png 469w, https:\/\/www.allegra.life\/wp-content\/uploads\/2021\/11\/Estrella-bola-4.png 500w\" sizes=\"(max-width: 469px) 100vw, 469px\" \/>\t\t\t\t\t\t\t\t<\/a>\n\t\t\t\t\t\t\t\t\t\t\t\t\t\t\t<\/div>\n\t\t\t\t<\/div>\n\t\t\t\t\t<\/div>\n\t\t<\/div>\n\t\t\t\t\t\t\t<\/div>\n\t\t<\/section>\n\t\t\t\t<div class=\"elementor-element elementor-element-8898226 elementor-widget elementor-widget-spacer\" data-id=\"8898226\" data-element_type=\"widget\" data-widget_type=\"spacer.default\">\n\t\t\t\t<div class=\"elementor-widget-container\">\n\t\t\t\t\t<div class=\"elementor-spacer\">\n\t\t\t<div class=\"elementor-spacer-inner\"><\/div>\n\t\t<\/div>\n\t\t\t\t<\/div>\n\t\t\t\t<\/div>\n\t\t\t\t\t<\/div>\n\t\t<\/div>\n\t\t\t\t\t\t\t<\/div>\n\t\t<\/section>\n\t\t\t\t\t\t<\/div>\n\t\t\t\t\t<\/div>\n\t\t","protected":false},"excerpt":{"rendered":"<p>Incontro alla fame Ogni 10 secondi, un bambino nel nostro mondo muore di fame, muore solo perch\u00e9 nessuno intorno a lui o a lei aveva sufficiente cibo da dargli affinch\u00e9 potesse continuare a vivere. Quel bambino o quella bambina mentre leggi sta respirando per l\u2019ultima volta: ADESSO \u00e8 mort@\u2013 da quando hai iniziato questo testo, &hellip;<\/p>\n<p class=\"read-more\"> <a class=\"\" href=\"https:\/\/www.allegra.life\/it\/ricette-di-viaggio\/incontro-alla-fame\/\"> <span class=\"screen-reader-text\">Incontro alla fame<\/span> Leggi altro &raquo;<\/a><\/p>\n","protected":false},"author":1,"featured_media":0,"parent":1260,"menu_order":0,"comment_status":"closed","ping_status":"closed","template":"","meta":[],"_links":{"self":[{"href":"https:\/\/www.allegra.life\/it\/wp-json\/wp\/v2\/pages\/1264"}],"collection":[{"href":"https:\/\/www.allegra.life\/it\/wp-json\/wp\/v2\/pages"}],"about":[{"href":"https:\/\/www.allegra.life\/it\/wp-json\/wp\/v2\/types\/page"}],"author":[{"embeddable":true,"href":"https:\/\/www.allegra.life\/it\/wp-json\/wp\/v2\/users\/1"}],"replies":[{"embeddable":true,"href":"https:\/\/www.allegra.life\/it\/wp-json\/wp\/v2\/comments?post=1264"}],"version-history":[{"count":5,"href":"https:\/\/www.allegra.life\/it\/wp-json\/wp\/v2\/pages\/1264\/revisions"}],"predecessor-version":[{"id":1367,"href":"https:\/\/www.allegra.life\/it\/wp-json\/wp\/v2\/pages\/1264\/revisions\/1367"}],"up":[{"embeddable":true,"href":"https:\/\/www.allegra.life\/it\/wp-json\/wp\/v2\/pages\/1260"}],"wp:attachment":[{"href":"https:\/\/www.allegra.life\/it\/wp-json\/wp\/v2\/media?parent=1264"}],"curies":[{"name":"wp","href":"https:\/\/api.w.org\/{rel}","templated":true}]}}